{"id":15,"date":"2025-08-22T07:26:26","date_gmt":"2025-08-22T07:26:26","guid":{"rendered":"https:\/\/gestorialospalacios.rkinformatika.online\/?page_id=15"},"modified":"2025-08-29T07:31:21","modified_gmt":"2025-08-29T07:31:21","slug":"inicio","status":"publish","type":"page","link":"https:\/\/gestorialospalacios.es\/en\/","title":{"rendered":"Home"},"content":{"rendered":"\t\t<div data-elementor-type=\"wp-page\" data-elementor-id=\"15\" class=\"elementor elementor-15\" data-elementor-post-type=\"page\">\n\t\t\t\t<div class=\"elementor-element elementor-element-b57cf81 e-flex e-con-boxed e-con e-parent\" data-id=\"b57cf81\" data-element_type=\"container\" data-e-type=\"container\" data-settings=\"{&quot;background_background&quot;:&quot;slideshow&quot;,&quot;background_slideshow_gallery&quot;:[{&quot;id&quot;:855,&quot;url&quot;:&quot;https:\\\/\\\/gestorialospalacios.es\\\/wp-content\\\/uploads\\\/2025\\\/08\\\/truck-working-field-sunny-day-scaled.jpg&quot;},{&quot;id&quot;:554,&quot;url&quot;:&quot;https:\\\/\\\/gestorialospalacios.es\\\/wp-content\\\/uploads\\\/2025\\\/08\\\/scenery-designers-work-scaled.jpg&quot;},{&quot;id&quot;:856,&quot;url&quot;:&quot;https:\\\/\\\/gestorialospalacios.es\\\/wp-content\\\/uploads\\\/2025\\\/08\\\/close-up-seeder-attached-tractor-field-scaled.jpg&quot;},{&quot;id&quot;:494,&quot;url&quot;:&quot;https:\\\/\\\/gestorialospalacios.es\\\/wp-content\\\/uploads\\\/2025\\\/08\\\/person-preparing-get-driver-license-scaled.jpg&quot;},{&quot;id&quot;:568,&quot;url&quot;:&quot;https:\\\/\\\/gestorialospalacios.es\\\/wp-content\\\/uploads\\\/2025\\\/08\\\/register-sign-up-membership-concept-scaled.jpg&quot;}],&quot;background_slideshow_loop&quot;:&quot;yes&quot;,&quot;background_slideshow_slide_duration&quot;:5000,&quot;background_slideshow_slide_transition&quot;:&quot;fade&quot;,&quot;background_slideshow_transition_duration&quot;:500}\">\n\t\t\t\t\t<div class=\"e-con-inner\">\n\t\t\t\t<div class=\"elementor-element elementor-element-7777977 elementor-invisible elementor-widget elementor-widget-heading\" data-id=\"7777977\" data-element_type=\"widget\" data-e-type=\"widget\" data-settings=\"{&quot;_animation&quot;:&quot;fadeInRight&quot;}\" data-widget_type=\"heading.default\">\n\t\t\t\t\t<h2 class=\"elementor-heading-title elementor-size-default\">GESTORIA LOLA MAESTRE<\/h2>\t\t\t\t<\/div>\n\t\t\t\t<div class=\"elementor-element elementor-element-d5bacbd elementor-widget elementor-widget-heading\" data-id=\"d5bacbd\" data-element_type=\"widget\" data-e-type=\"widget\" data-widget_type=\"heading.default\">\n\t\t\t\t\t<h2 class=\"elementor-heading-title elementor-size-default\">Especializados en tr\u00e1mites de veh\u00edculos y maquinaria agr\u00edcola<\/h2>\t\t\t\t<\/div>\n\t\t\t\t\t<\/div>\n\t\t\t\t<\/div>\n\t\t<div class=\"elementor-element elementor-element-7347a1b e-flex e-con-boxed e-con e-parent\" data-id=\"7347a1b\" data-element_type=\"container\" data-e-type=\"container\">\n\t\t\t\t\t<div class=\"e-con-inner\">\n\t\t<div class=\"elementor-element elementor-element-3ebc1dd e-con-full e-flex e-con e-child\" data-id=\"3ebc1dd\" data-element_type=\"container\" data-e-type=\"container\">\n\t\t\t\t<div class=\"elementor-element elementor-element-0ad17f1 elementor-widget elementor-widget-heading\" data-id=\"0ad17f1\" data-element_type=\"widget\" data-e-type=\"widget\" data-widget_type=\"heading.default\">\n\t\t\t\t\t<h2 class=\"elementor-heading-title elementor-size-default\">Sobre Nosotros<\/h2>\t\t\t\t<\/div>\n\t\t\t\t<div class=\"elementor-element elementor-element-136a89e elementor-widget elementor-widget-text-editor\" data-id=\"136a89e\" data-element_type=\"widget\" data-e-type=\"widget\" data-widget_type=\"text-editor.default\">\n\t\t\t\t\t\t\t\t\t<p>Somos una gestor\u00eda administrativa que combina un trato profesional, personal y cercano, pensada para ofrecer un servicio eficaz y de confianza a aut\u00f3nomos y particulares. Especializamos en tr\u00e1mites de veh\u00edculos , con un enfoque destacado en la gesti\u00f3n de veh\u00edculos y maquinarias agr\u00edcolas, aportando soluciones r\u00e1pidas, claras y adaptadas a cada situaci\u00f3n.<\/p><p>Nuestro equipo est\u00e1 comprometido con el acompa\u00f1amiento constante del cliente, ofreciendo atenci\u00f3n personalizada, resolviendo dudas y gestionando todo tipo de procedimientos administrativos con la m\u00e1xima eficacia. Nos mantenemos actualizados ante los cambios normativos y tecnol\u00f3gicos para garantizar un servicio eficiente, actualizado y de confianza, orientado a facilitar tu d\u00eda a d\u00eda.<\/p>\t\t\t\t\t\t\t\t<\/div>\n\t\t\t\t<\/div>\n\t\t<div class=\"elementor-element elementor-element-54a2243 e-con-full e-flex e-con e-child\" data-id=\"54a2243\" data-element_type=\"container\" data-e-type=\"container\">\n\t\t\t\t<div class=\"elementor-element elementor-element-3a7adc5 elementor-widget elementor-widget-image\" data-id=\"3a7adc5\" data-element_type=\"widget\" data-e-type=\"widget\" data-widget_type=\"image.default\">\n\t\t\t\t\t\t\t\t\t\t\t\t\t\t\t<img fetchpriority=\"high\" decoding=\"async\" width=\"800\" height=\"584\" src=\"https:\/\/gestorialospalacios.es\/wp-content\/uploads\/2025\/08\/Captura-desde-2025-08-22-14-40-56-1024x747.png\" class=\"attachment-large size-large wp-image-624\" alt=\"\" srcset=\"https:\/\/gestorialospalacios.es\/wp-content\/uploads\/2025\/08\/Captura-desde-2025-08-22-14-40-56-1024x747.png 1024w, https:\/\/gestorialospalacios.es\/wp-content\/uploads\/2025\/08\/Captura-desde-2025-08-22-14-40-56-300x219.png 300w, https:\/\/gestorialospalacios.es\/wp-content\/uploads\/2025\/08\/Captura-desde-2025-08-22-14-40-56-768x560.png 768w, https:\/\/gestorialospalacios.es\/wp-content\/uploads\/2025\/08\/Captura-desde-2025-08-22-14-40-56-16x12.png 16w, https:\/\/gestorialospalacios.es\/wp-content\/uploads\/2025\/08\/Captura-desde-2025-08-22-14-40-56.png 1060w\" sizes=\"(max-width: 800px) 100vw, 800px\" \/>\t\t\t\t\t\t\t\t\t\t\t\t\t\t\t<\/div>\n\t\t\t\t<\/div>\n\t\t\t\t\t<\/div>\n\t\t\t\t<\/div>\n\t\t<div class=\"elementor-element elementor-element-3b8be0d e-flex e-con-boxed e-con e-parent\" data-id=\"3b8be0d\" data-element_type=\"container\" data-e-type=\"container\" data-settings=\"{&quot;background_background&quot;:&quot;classic&quot;}\">\n\t\t\t\t\t<div class=\"e-con-inner\">\n\t\t\t\t<div class=\"elementor-element elementor-element-b53e927 animated-slow elementor-invisible elementor-widget elementor-widget-heading\" data-id=\"b53e927\" data-element_type=\"widget\" data-e-type=\"widget\" data-settings=\"{&quot;_animation&quot;:&quot;fadeInRight&quot;}\" data-widget_type=\"heading.default\">\n\t\t\t\t\t<h2 class=\"elementor-heading-title elementor-size-default\">\u00bfNecesitas una gestor\u00eda que te ofrezca <br>rapidez, confianza y claridad?<\/h2>\t\t\t\t<\/div>\n\t\t\t\t<div class=\"elementor-element elementor-element-cf12df3 animated-slow elementor-invisible elementor-widget elementor-widget-button\" data-id=\"cf12df3\" data-element_type=\"widget\" data-e-type=\"widget\" data-settings=\"{&quot;_animation&quot;:&quot;fadeInRight&quot;,&quot;_animation_delay&quot;:300}\" data-widget_type=\"button.default\">\n\t\t\t\t\t\t\t\t\t\t<a class=\"elementor-button elementor-button-link elementor-size-sm elementor-animation-wobble-horizontal\" href=\"\/contacto\">\n\t\t\t\t\t\t<span class=\"elementor-button-content-wrapper\">\n\t\t\t\t\t\t\t\t\t<span class=\"elementor-button-text\">Solicita tu gesti\u00f3n<\/span>\n\t\t\t\t\t<\/span>\n\t\t\t\t\t<\/a>\n\t\t\t\t\t\t\t\t<\/div>\n\t\t\t\t\t<\/div>\n\t\t\t\t<\/div>\n\t\t<div class=\"elementor-element elementor-element-4b99547 e-flex e-con-boxed e-con e-parent\" data-id=\"4b99547\" data-element_type=\"container\" data-e-type=\"container\">\n\t\t\t\t\t<div class=\"e-con-inner\">\n\t\t<div class=\"elementor-element elementor-element-11ac780 e-con-full e-flex e-con e-child\" data-id=\"11ac780\" data-element_type=\"container\" data-e-type=\"container\">\n\t\t\t\t<div class=\"elementor-element elementor-element-304120c animated-slow elementor-invisible elementor-widget elementor-widget-heading\" data-id=\"304120c\" data-element_type=\"widget\" data-e-type=\"widget\" data-settings=\"{&quot;_animation&quot;:&quot;zoomIn&quot;}\" data-widget_type=\"heading.default\">\n\t\t\t\t\t<h2 class=\"elementor-heading-title elementor-size-default\">\u00bfPor qu\u00e9 elegirnos?<\/h2>\t\t\t\t<\/div>\n\t\t\t\t<\/div>\n\t\t<div class=\"elementor-element elementor-element-c9026a5 e-con-full e-flex e-con e-child\" data-id=\"c9026a5\" data-element_type=\"container\" data-e-type=\"container\">\n\t\t\t\t<div class=\"elementor-element elementor-element-0c69039 e-transform elementor-position-top elementor-invisible elementor-widget elementor-widget-image-box\" data-id=\"0c69039\" data-element_type=\"widget\" data-e-type=\"widget\" data-settings=\"{&quot;_animation&quot;:&quot;fadeInLeft&quot;,&quot;_transform_translateX_effect_hover&quot;:{&quot;unit&quot;:&quot;px&quot;,&quot;size&quot;:-10,&quot;sizes&quot;:[]},&quot;_transform_translateY_effect_hover&quot;:{&quot;unit&quot;:&quot;px&quot;,&quot;size&quot;:10,&quot;sizes&quot;:[]},&quot;_transform_translateX_effect_hover_tablet&quot;:{&quot;unit&quot;:&quot;px&quot;,&quot;size&quot;:&quot;&quot;,&quot;sizes&quot;:[]},&quot;_transform_translateX_effect_hover_mobile&quot;:{&quot;unit&quot;:&quot;px&quot;,&quot;size&quot;:&quot;&quot;,&quot;sizes&quot;:[]},&quot;_transform_translateY_effect_hover_tablet&quot;:{&quot;unit&quot;:&quot;px&quot;,&quot;size&quot;:&quot;&quot;,&quot;sizes&quot;:[]},&quot;_transform_translateY_effect_hover_mobile&quot;:{&quot;unit&quot;:&quot;px&quot;,&quot;size&quot;:&quot;&quot;,&quot;sizes&quot;:[]}}\" data-widget_type=\"image-box.default\">\n\t\t\t\t\t<div class=\"elementor-image-box-wrapper\"><figure class=\"elementor-image-box-img\"><img decoding=\"async\" width=\"512\" height=\"512\" src=\"https:\/\/gestorialospalacios.es\/wp-content\/uploads\/2025\/08\/automotion_16877141.png\" class=\"attachment-full size-full wp-image-728\" alt=\"\" srcset=\"https:\/\/gestorialospalacios.es\/wp-content\/uploads\/2025\/08\/automotion_16877141.png 512w, https:\/\/gestorialospalacios.es\/wp-content\/uploads\/2025\/08\/automotion_16877141-300x300.png 300w, https:\/\/gestorialospalacios.es\/wp-content\/uploads\/2025\/08\/automotion_16877141-150x150.png 150w, https:\/\/gestorialospalacios.es\/wp-content\/uploads\/2025\/08\/automotion_16877141-12x12.png 12w\" sizes=\"(max-width: 512px) 100vw, 512px\" \/><\/figure><div class=\"elementor-image-box-content\"><h3 class=\"elementor-image-box-title\">Especializaci\u00f3n en veh\u00edculos<\/h3><p class=\"elementor-image-box-description\">Tramitamos con rapidez y precisi\u00f3n todo tipo de gestiones.<\/p><\/div><\/div>\t\t\t\t<\/div>\n\t\t\t\t<\/div>\n\t\t<div class=\"elementor-element elementor-element-3bb749d e-con-full e-flex e-con e-child\" data-id=\"3bb749d\" data-element_type=\"container\" data-e-type=\"container\">\n\t\t\t\t<div class=\"elementor-element elementor-element-8041925 e-transform elementor-position-top elementor-invisible elementor-widget elementor-widget-image-box\" data-id=\"8041925\" data-element_type=\"widget\" data-e-type=\"widget\" data-settings=\"{&quot;_animation&quot;:&quot;fadeInUp&quot;,&quot;_transform_translateY_effect_hover&quot;:{&quot;unit&quot;:&quot;px&quot;,&quot;size&quot;:10,&quot;sizes&quot;:[]},&quot;_transform_translateX_effect_hover&quot;:{&quot;unit&quot;:&quot;px&quot;,&quot;size&quot;:&quot;&quot;,&quot;sizes&quot;:[]},&quot;_transform_translateX_effect_hover_tablet&quot;:{&quot;unit&quot;:&quot;px&quot;,&quot;size&quot;:&quot;&quot;,&quot;sizes&quot;:[]},&quot;_transform_translateX_effect_hover_mobile&quot;:{&quot;unit&quot;:&quot;px&quot;,&quot;size&quot;:&quot;&quot;,&quot;sizes&quot;:[]},&quot;_transform_translateY_effect_hover_tablet&quot;:{&quot;unit&quot;:&quot;px&quot;,&quot;size&quot;:&quot;&quot;,&quot;sizes&quot;:[]},&quot;_transform_translateY_effect_hover_mobile&quot;:{&quot;unit&quot;:&quot;px&quot;,&quot;size&quot;:&quot;&quot;,&quot;sizes&quot;:[]}}\" data-widget_type=\"image-box.default\">\n\t\t\t\t\t<div class=\"elementor-image-box-wrapper\"><figure class=\"elementor-image-box-img\"><img decoding=\"async\" width=\"512\" height=\"512\" src=\"https:\/\/gestorialospalacios.es\/wp-content\/uploads\/2025\/08\/target_3957770.png\" class=\"attachment-full size-full wp-image-731\" alt=\"\" srcset=\"https:\/\/gestorialospalacios.es\/wp-content\/uploads\/2025\/08\/target_3957770.png 512w, https:\/\/gestorialospalacios.es\/wp-content\/uploads\/2025\/08\/target_3957770-300x300.png 300w, https:\/\/gestorialospalacios.es\/wp-content\/uploads\/2025\/08\/target_3957770-150x150.png 150w, https:\/\/gestorialospalacios.es\/wp-content\/uploads\/2025\/08\/target_3957770-12x12.png 12w\" sizes=\"(max-width: 512px) 100vw, 512px\" \/><\/figure><div class=\"elementor-image-box-content\"><h3 class=\"elementor-image-box-title\">Atenci\u00f3n cercana y personalizada<\/h3><p class=\"elementor-image-box-description\">Te acompa\u00f1amos en cada paso, resolviendo dudas.<\/p><\/div><\/div>\t\t\t\t<\/div>\n\t\t\t\t<\/div>\n\t\t<div class=\"elementor-element elementor-element-d195a08 e-con-full e-flex e-con e-child\" data-id=\"d195a08\" data-element_type=\"container\" data-e-type=\"container\">\n\t\t\t\t<div class=\"elementor-element elementor-element-948d0dc e-transform elementor-position-top elementor-invisible elementor-widget elementor-widget-image-box\" data-id=\"948d0dc\" data-element_type=\"widget\" data-e-type=\"widget\" data-settings=\"{&quot;_animation&quot;:&quot;fadeInRight&quot;,&quot;_transform_translateX_effect_hover&quot;:{&quot;unit&quot;:&quot;px&quot;,&quot;size&quot;:10,&quot;sizes&quot;:[]},&quot;_transform_translateY_effect_hover&quot;:{&quot;unit&quot;:&quot;px&quot;,&quot;size&quot;:10,&quot;sizes&quot;:[]},&quot;_transform_translateX_effect_hover_tablet&quot;:{&quot;unit&quot;:&quot;px&quot;,&quot;size&quot;:&quot;&quot;,&quot;sizes&quot;:[]},&quot;_transform_translateX_effect_hover_mobile&quot;:{&quot;unit&quot;:&quot;px&quot;,&quot;size&quot;:&quot;&quot;,&quot;sizes&quot;:[]},&quot;_transform_translateY_effect_hover_tablet&quot;:{&quot;unit&quot;:&quot;px&quot;,&quot;size&quot;:&quot;&quot;,&quot;sizes&quot;:[]},&quot;_transform_translateY_effect_hover_mobile&quot;:{&quot;unit&quot;:&quot;px&quot;,&quot;size&quot;:&quot;&quot;,&quot;sizes&quot;:[]}}\" data-widget_type=\"image-box.default\">\n\t\t\t\t\t<div class=\"elementor-image-box-wrapper\"><figure class=\"elementor-image-box-img\"><img loading=\"lazy\" decoding=\"async\" width=\"512\" height=\"512\" src=\"https:\/\/gestorialospalacios.es\/wp-content\/uploads\/2025\/08\/business-activity_17970432.png\" class=\"attachment-full size-full wp-image-730\" alt=\"\" srcset=\"https:\/\/gestorialospalacios.es\/wp-content\/uploads\/2025\/08\/business-activity_17970432.png 512w, https:\/\/gestorialospalacios.es\/wp-content\/uploads\/2025\/08\/business-activity_17970432-300x300.png 300w, https:\/\/gestorialospalacios.es\/wp-content\/uploads\/2025\/08\/business-activity_17970432-150x150.png 150w, https:\/\/gestorialospalacios.es\/wp-content\/uploads\/2025\/08\/business-activity_17970432-12x12.png 12w\" sizes=\"(max-width: 512px) 100vw, 512px\" \/><\/figure><div class=\"elementor-image-box-content\"><h3 class=\"elementor-image-box-title\">Eficacia y actualizaci\u00f3n constante<\/h3><p class=\"elementor-image-box-description\">Nos adaptamos a los cambios normativos y tecnol\u00f3gicos.<\/p><\/div><\/div>\t\t\t\t<\/div>\n\t\t\t\t<\/div>\n\t\t\t\t\t<\/div>\n\t\t\t\t<\/div>\n\t\t\t\t<\/div>\n\t\t","protected":false},"excerpt":{"rendered":"<p>GESTORIA LOLA MAESTRE Especializados en tr\u00e1mites de veh\u00edculos y maquinaria agr\u00edcola Sobre Nosotros Somos una gestor\u00eda administrativa que combina un trato profesional, personal y cercano, pensada para ofrecer un servicio eficaz y de confianza a aut\u00f3nomos y particulares. Especializamos en tr\u00e1mites de veh\u00edculos , con un enfoque destacado en la gesti\u00f3n de veh\u00edculos y maquinarias [&hellip;]<\/p>\n","protected":false},"author":1,"featured_media":0,"parent":0,"menu_order":0,"comment_status":"closed","ping_status":"closed","template":"elementor_canvas","meta":{"footnotes":""},"class_list":["post-15","page","type-page","status-publish","hentry"],"yoast_head":"<!-- This site is optimized with the Yoast SEO plugin v27.6 - https:\/\/yoast.com\/product\/yoast-seo-wordpress\/ -->\n<title>Inicio - GESTORIA LOLA MAESTRE<\/title>\n<meta name=\"robots\" content=\"index, follow, max-snippet:-1, max-image-preview:large, max-video-preview:-1\" \/>\n<link rel=\"canonical\" href=\"https:\/\/gestorialospalacios.es\/en\/\" \/>\n<meta property=\"og:locale\" content=\"en_GB\" \/>\n<meta property=\"og:type\" content=\"article\" \/>\n<meta property=\"og:title\" content=\"Inicio - GESTORIA LOLA MAESTRE\" \/>\n<meta property=\"og:description\" content=\"GESTORIA LOLA MAESTRE Especializados en tr\u00e1mites de veh\u00edculos y maquinaria agr\u00edcola Sobre Nosotros Somos una gestor\u00eda administrativa que combina un trato profesional, personal y cercano, pensada para ofrecer un servicio eficaz y de confianza a aut\u00f3nomos y particulares. Especializamos en tr\u00e1mites de veh\u00edculos , con un enfoque destacado en la gesti\u00f3n de veh\u00edculos y maquinarias [&hellip;]\" \/>\n<meta property=\"og:url\" content=\"https:\/\/gestorialospalacios.es\/en\/\" \/>\n<meta property=\"og:site_name\" content=\"GESTORIA LOLA MAESTRE\" \/>\n<meta property=\"article:modified_time\" content=\"2025-08-29T07:31:21+00:00\" \/>\n<meta property=\"og:image\" content=\"https:\/\/gestorialospalacios.es\/wp-content\/uploads\/2025\/08\/Captura-desde-2025-08-22-14-40-56-1024x747.png\" \/>\n<meta name=\"twitter:card\" content=\"summary_large_image\" \/>\n<meta name=\"twitter:label1\" content=\"Estimated reading time\" \/>\n\t<meta name=\"twitter:data1\" content=\"2 minutes\" \/>\n<script type=\"application\/ld+json\" class=\"yoast-schema-graph\">{\"@context\":\"https:\\\/\\\/schema.org\",\"@graph\":[{\"@type\":\"WebPage\",\"@id\":\"https:\\\/\\\/gestorialospalacios.es\\\/\",\"url\":\"https:\\\/\\\/gestorialospalacios.es\\\/\",\"name\":\"Inicio - GESTORIA LOLA MAESTRE\",\"isPartOf\":{\"@id\":\"https:\\\/\\\/gestorialospalacios.es\\\/#website\"},\"primaryImageOfPage\":{\"@id\":\"https:\\\/\\\/gestorialospalacios.es\\\/#primaryimage\"},\"image\":{\"@id\":\"https:\\\/\\\/gestorialospalacios.es\\\/#primaryimage\"},\"thumbnailUrl\":\"https:\\\/\\\/gestorialospalacios.es\\\/wp-content\\\/uploads\\\/2025\\\/08\\\/Captura-desde-2025-08-22-14-40-56-1024x747.png\",\"datePublished\":\"2025-08-22T07:26:26+00:00\",\"dateModified\":\"2025-08-29T07:31:21+00:00\",\"breadcrumb\":{\"@id\":\"https:\\\/\\\/gestorialospalacios.es\\\/#breadcrumb\"},\"inLanguage\":\"en-GB\",\"potentialAction\":[{\"@type\":\"ReadAction\",\"target\":[\"https:\\\/\\\/gestorialospalacios.es\\\/\"]}]},{\"@type\":\"ImageObject\",\"inLanguage\":\"en-GB\",\"@id\":\"https:\\\/\\\/gestorialospalacios.es\\\/#primaryimage\",\"url\":\"https:\\\/\\\/gestorialospalacios.es\\\/wp-content\\\/uploads\\\/2025\\\/08\\\/Captura-desde-2025-08-22-14-40-56-1024x747.png\",\"contentUrl\":\"https:\\\/\\\/gestorialospalacios.es\\\/wp-content\\\/uploads\\\/2025\\\/08\\\/Captura-desde-2025-08-22-14-40-56-1024x747.png\"},{\"@type\":\"BreadcrumbList\",\"@id\":\"https:\\\/\\\/gestorialospalacios.es\\\/#breadcrumb\",\"itemListElement\":[{\"@type\":\"ListItem\",\"position\":1,\"name\":\"Portada\",\"item\":\"https:\\\/\\\/gestorialospalacios.es\\\/\"},{\"@type\":\"ListItem\",\"position\":2,\"name\":\"Inicio\"}]},{\"@type\":\"WebSite\",\"@id\":\"https:\\\/\\\/gestorialospalacios.es\\\/#website\",\"url\":\"https:\\\/\\\/gestorialospalacios.es\\\/\",\"name\":\"GESTORIA LOLA MAESTRE\",\"description\":\"\",\"publisher\":{\"@id\":\"https:\\\/\\\/gestorialospalacios.es\\\/#organization\"},\"potentialAction\":[{\"@type\":\"SearchAction\",\"target\":{\"@type\":\"EntryPoint\",\"urlTemplate\":\"https:\\\/\\\/gestorialospalacios.es\\\/?s={search_term_string}\"},\"query-input\":{\"@type\":\"PropertyValueSpecification\",\"valueRequired\":true,\"valueName\":\"search_term_string\"}}],\"inLanguage\":\"en-GB\"},{\"@type\":\"Organization\",\"@id\":\"https:\\\/\\\/gestorialospalacios.es\\\/#organization\",\"name\":\"GESTORIA LOLA MAESTRE\",\"url\":\"https:\\\/\\\/gestorialospalacios.es\\\/\",\"logo\":{\"@type\":\"ImageObject\",\"inLanguage\":\"en-GB\",\"@id\":\"https:\\\/\\\/gestorialospalacios.es\\\/#\\\/schema\\\/logo\\\/image\\\/\",\"url\":\"https:\\\/\\\/gestorialospalacios.es\\\/wp-content\\\/uploads\\\/2025\\\/08\\\/cropped-LOGO-GA-SEVILLA-lola-maestre-cerrada.png\",\"contentUrl\":\"https:\\\/\\\/gestorialospalacios.es\\\/wp-content\\\/uploads\\\/2025\\\/08\\\/cropped-LOGO-GA-SEVILLA-lola-maestre-cerrada.png\",\"width\":333,\"height\":151,\"caption\":\"GESTORIA LOLA MAESTRE\"},\"image\":{\"@id\":\"https:\\\/\\\/gestorialospalacios.es\\\/#\\\/schema\\\/logo\\\/image\\\/\"}}]}<\/script>\n<!-- \/ Yoast SEO plugin. -->","yoast_head_json":{"title":"Inicio - GESTORIA LOLA MAESTRE","robots":{"index":"index","follow":"follow","max-snippet":"max-snippet:-1","max-image-preview":"max-image-preview:large","max-video-preview":"max-video-preview:-1"},"canonical":"https:\/\/gestorialospalacios.es\/en\/","og_locale":"en_GB","og_type":"article","og_title":"Inicio - GESTORIA LOLA MAESTRE","og_description":"GESTORIA LOLA MAESTRE Especializados en tr\u00e1mites de veh\u00edculos y maquinaria agr\u00edcola Sobre Nosotros Somos una gestor\u00eda administrativa que combina un trato profesional, personal y cercano, pensada para ofrecer un servicio eficaz y de confianza a aut\u00f3nomos y particulares. Especializamos en tr\u00e1mites de veh\u00edculos , con un enfoque destacado en la gesti\u00f3n de veh\u00edculos y maquinarias [&hellip;]","og_url":"https:\/\/gestorialospalacios.es\/en\/","og_site_name":"GESTORIA LOLA MAESTRE","article_modified_time":"2025-08-29T07:31:21+00:00","og_image":[{"url":"https:\/\/gestorialospalacios.es\/wp-content\/uploads\/2025\/08\/Captura-desde-2025-08-22-14-40-56-1024x747.png","type":"","width":"","height":""}],"twitter_card":"summary_large_image","twitter_misc":{"Estimated reading time":"2 minutes"},"schema":{"@context":"https:\/\/schema.org","@graph":[{"@type":"WebPage","@id":"https:\/\/gestorialospalacios.es\/","url":"https:\/\/gestorialospalacios.es\/","name":"Inicio - GESTORIA LOLA MAESTRE","isPartOf":{"@id":"https:\/\/gestorialospalacios.es\/#website"},"primaryImageOfPage":{"@id":"https:\/\/gestorialospalacios.es\/#primaryimage"},"image":{"@id":"https:\/\/gestorialospalacios.es\/#primaryimage"},"thumbnailUrl":"https:\/\/gestorialospalacios.es\/wp-content\/uploads\/2025\/08\/Captura-desde-2025-08-22-14-40-56-1024x747.png","datePublished":"2025-08-22T07:26:26+00:00","dateModified":"2025-08-29T07:31:21+00:00","breadcrumb":{"@id":"https:\/\/gestorialospalacios.es\/#breadcrumb"},"inLanguage":"en-GB","potentialAction":[{"@type":"ReadAction","target":["https:\/\/gestorialospalacios.es\/"]}]},{"@type":"ImageObject","inLanguage":"en-GB","@id":"https:\/\/gestorialospalacios.es\/#primaryimage","url":"https:\/\/gestorialospalacios.es\/wp-content\/uploads\/2025\/08\/Captura-desde-2025-08-22-14-40-56-1024x747.png","contentUrl":"https:\/\/gestorialospalacios.es\/wp-content\/uploads\/2025\/08\/Captura-desde-2025-08-22-14-40-56-1024x747.png"},{"@type":"BreadcrumbList","@id":"https:\/\/gestorialospalacios.es\/#breadcrumb","itemListElement":[{"@type":"ListItem","position":1,"name":"Portada","item":"https:\/\/gestorialospalacios.es\/"},{"@type":"ListItem","position":2,"name":"Inicio"}]},{"@type":"WebSite","@id":"https:\/\/gestorialospalacios.es\/#website","url":"https:\/\/gestorialospalacios.es\/","name":"LOLA MAESTRE AGENCY","description":"","publisher":{"@id":"https:\/\/gestorialospalacios.es\/#organization"},"potentialAction":[{"@type":"SearchAction","target":{"@type":"EntryPoint","urlTemplate":"https:\/\/gestorialospalacios.es\/?s={search_term_string}"},"query-input":{"@type":"PropertyValueSpecification","valueRequired":true,"valueName":"search_term_string"}}],"inLanguage":"en-GB"},{"@type":"Organization","@id":"https:\/\/gestorialospalacios.es\/#organization","name":"LOLA MAESTRE AGENCY","url":"https:\/\/gestorialospalacios.es\/","logo":{"@type":"ImageObject","inLanguage":"en-GB","@id":"https:\/\/gestorialospalacios.es\/#\/schema\/logo\/image\/","url":"https:\/\/gestorialospalacios.es\/wp-content\/uploads\/2025\/08\/cropped-LOGO-GA-SEVILLA-lola-maestre-cerrada.png","contentUrl":"https:\/\/gestorialospalacios.es\/wp-content\/uploads\/2025\/08\/cropped-LOGO-GA-SEVILLA-lola-maestre-cerrada.png","width":333,"height":151,"caption":"GESTORIA LOLA MAESTRE"},"image":{"@id":"https:\/\/gestorialospalacios.es\/#\/schema\/logo\/image\/"}}]}},"_links":{"self":[{"href":"https:\/\/gestorialospalacios.es\/en\/wp-json\/wp\/v2\/pages\/15","targetHints":{"allow":["GET"]}}],"collection":[{"href":"https:\/\/gestorialospalacios.es\/en\/wp-json\/wp\/v2\/pages"}],"about":[{"href":"https:\/\/gestorialospalacios.es\/en\/wp-json\/wp\/v2\/types\/page"}],"author":[{"embeddable":true,"href":"https:\/\/gestorialospalacios.es\/en\/wp-json\/wp\/v2\/users\/1"}],"replies":[{"embeddable":true,"href":"https:\/\/gestorialospalacios.es\/en\/wp-json\/wp\/v2\/comments?post=15"}],"version-history":[{"count":247,"href":"https:\/\/gestorialospalacios.es\/en\/wp-json\/wp\/v2\/pages\/15\/revisions"}],"predecessor-version":[{"id":868,"href":"https:\/\/gestorialospalacios.es\/en\/wp-json\/wp\/v2\/pages\/15\/revisions\/868"}],"wp:attachment":[{"href":"https:\/\/gestorialospalacios.es\/en\/wp-json\/wp\/v2\/media?parent=15"}],"curies":[{"name":"wp","href":"https:\/\/api.w.org\/{rel}","templated":true}]}}